{"id":9455,"date":"2020-04-29T16:04:33","date_gmt":"2020-04-29T14:04:33","guid":{"rendered":"https:\/\/www.farmaciadepaoli.com\/?post_type=product&#038;p=9455"},"modified":"2025-12-23T14:50:57","modified_gmt":"2025-12-23T13:50:57","slug":"breast-decolletage-boost","status":"publish","type":"product","link":"https:\/\/www.farmaciadepaoli.com\/en\/product\/breast-decolletage-boost\/","title":{"rendered":"Breast &#038; D\u00e9colletage Boost"},"content":{"rendered":"<p>Fillast Breast &amp; D\u00e9colletage Boost \u00e8 una formula rivitalizzante per il seno e il d\u00e9collet\u00e9 ad azione tonificante e rimodellante.<br \/>\nFillast Breast &amp; D\u00e9colletage Boost \u00e8 caratterizzato da una texture unica, estremamente fine che si assorbe rapidamente senza alcun effetto appiccicoso.<\/p>\n<p>Grazie alle propriet\u00e0 anti-age del sistema brevettato S.S.I vengono migliorati tono, elasticita\u0300 ed idratazione. Una miscela di amminoacidi ripristina l\u2019adeguato nutrimento della superficie cutanea.<\/p>\n<p>La regolare applicazione di FILLAST \u2013 Breast &amp; De\u0301colletage Boost contrasta il rilassamento cutaneo e favorisce il positivo effetto \u201cpush-up\u201d del seno.<\/p>\n<p>Giorno dopo giorno la struttura di quest\u2019area cutanea risulta rinforzata, la cute appare visibilmente piu\u0300 tonica e rimodellata.<\/p>\n","protected":false},"excerpt":{"rendered":"<h5>Concentrated Firming Serum<\/h5>\n<p>Effetto push-up<\/p>\n","protected":false},"featured_media":9568,"template":"","meta":{"_mi_skip_tracking":false,"_monsterinsights_sitenote_active":false,"_monsterinsights_sitenote_note":"","_monsterinsights_sitenote_category":0},"product_cat":[291,323],"product_tag":[],"acf":[],"yoast_head":"<!-- This site is optimized with the Yoast SEO plugin v21.6 - https:\/\/yoast.com\/wordpress\/plugins\/seo\/ -->\n<title>Breast &amp; D\u00e9colletage Boost - Farmacia de Paoli<\/title>\n<meta name=\"robots\" content=\"index, follow, max-snippet:-1, max-image-preview:large, max-video-preview:-1\" \/>\n<link rel=\"canonical\" href=\"https:\/\/www.farmaciadepaoli.com\/en\/product\/breast-decolletage-boost\/\" \/>\n<meta property=\"og:locale\" content=\"en_US\" \/>\n<meta property=\"og:type\" content=\"article\" \/>\n<meta property=\"og:title\" content=\"Breast &amp; D\u00e9colletage Boost - Farmacia de Paoli\" \/>\n<meta property=\"og:description\" content=\"Concentrated Firming Serum Effetto push-up\" \/>\n<meta property=\"og:url\" content=\"https:\/\/www.farmaciadepaoli.com\/en\/product\/breast-decolletage-boost\/\" \/>\n<meta property=\"og:site_name\" content=\"Farmacia de Paoli\" \/>\n<meta property=\"article:modified_time\" content=\"2025-12-23T13:50:57+00:00\" \/>\n<meta property=\"og:image\" content=\"https:\/\/www.farmaciadepaoli.com\/wp-content\/uploads\/2020\/04\/DORO1009254605.png\" \/>\n\t<meta property=\"og:image:width\" content=\"1000\" \/>\n\t<meta property=\"og:image:height\" content=\"1003\" \/>\n\t<meta property=\"og:image:type\" content=\"image\/png\" \/>\n<meta name=\"twitter:card\" content=\"summary_large_image\" \/>\n<meta name=\"twitter:label1\" content=\"Est. reading time\" \/>\n\t<meta name=\"twitter:data1\" content=\"1 minute\" \/>\n<script type=\"application\/ld+json\" class=\"yoast-schema-graph\">{\"@context\":\"https:\/\/schema.org\",\"@graph\":[{\"@type\":\"WebPage\",\"@id\":\"https:\/\/www.farmaciadepaoli.com\/en\/product\/breast-decolletage-boost\/\",\"url\":\"https:\/\/www.farmaciadepaoli.com\/en\/product\/breast-decolletage-boost\/\",\"name\":\"Breast & D\u00e9colletage Boost - Farmacia de Paoli\",\"isPartOf\":{\"@id\":\"https:\/\/www.farmaciadepaoli.com\/#website\"},\"datePublished\":\"2020-04-29T14:04:33+00:00\",\"dateModified\":\"2025-12-23T13:50:57+00:00\",\"breadcrumb\":{\"@id\":\"https:\/\/www.farmaciadepaoli.com\/en\/product\/breast-decolletage-boost\/#breadcrumb\"},\"inLanguage\":\"en-US\",\"potentialAction\":[{\"@type\":\"ReadAction\",\"target\":[\"https:\/\/www.farmaciadepaoli.com\/en\/product\/breast-decolletage-boost\/\"]}]},{\"@type\":\"BreadcrumbList\",\"@id\":\"https:\/\/www.farmaciadepaoli.com\/en\/product\/breast-decolletage-boost\/#breadcrumb\",\"itemListElement\":[{\"@type\":\"ListItem\",\"position\":1,\"name\":\"Home\",\"item\":\"https:\/\/www.farmaciadepaoli.com\/en\/\"},{\"@type\":\"ListItem\",\"position\":2,\"name\":\"Shop\",\"item\":\"https:\/\/www.farmaciadepaoli.com\/en\/shop\/\"},{\"@type\":\"ListItem\",\"position\":3,\"name\":\"Breast &#038; D\u00e9colletage Boost\"}]},{\"@type\":\"WebSite\",\"@id\":\"https:\/\/www.farmaciadepaoli.com\/#website\",\"url\":\"https:\/\/www.farmaciadepaoli.com\/\",\"name\":\"Farmacia de Paoli\",\"description\":\"De Paoli Pharmacy\",\"potentialAction\":[{\"@type\":\"SearchAction\",\"target\":{\"@type\":\"EntryPoint\",\"urlTemplate\":\"https:\/\/www.farmaciadepaoli.com\/?s={search_term_string}\"},\"query-input\":\"required name=search_term_string\"}],\"inLanguage\":\"en-US\"}]}<\/script>\n<!-- \/ Yoast SEO plugin. -->","yoast_head_json":{"title":"Breast & D\u00e9colletage Boost - Farmacia de Paoli","robots":{"index":"index","follow":"follow","max-snippet":"max-snippet:-1","max-image-preview":"max-image-preview:large","max-video-preview":"max-video-preview:-1"},"canonical":"https:\/\/www.farmaciadepaoli.com\/en\/product\/breast-decolletage-boost\/","og_locale":"en_US","og_type":"article","og_title":"Breast & D\u00e9colletage Boost - Farmacia de Paoli","og_description":"Concentrated Firming Serum Effetto push-up","og_url":"https:\/\/www.farmaciadepaoli.com\/en\/product\/breast-decolletage-boost\/","og_site_name":"Farmacia de Paoli","article_modified_time":"2025-12-23T13:50:57+00:00","og_image":[{"width":1000,"height":1003,"url":"https:\/\/www.farmaciadepaoli.com\/wp-content\/uploads\/2020\/04\/DORO1009254605.png","type":"image\/png"}],"twitter_card":"summary_large_image","twitter_misc":{"Est. reading time":"1 minute"},"schema":{"@context":"https:\/\/schema.org","@graph":[{"@type":"WebPage","@id":"https:\/\/www.farmaciadepaoli.com\/en\/product\/breast-decolletage-boost\/","url":"https:\/\/www.farmaciadepaoli.com\/en\/product\/breast-decolletage-boost\/","name":"Breast & D\u00e9colletage Boost - Farmacia de Paoli","isPartOf":{"@id":"https:\/\/www.farmaciadepaoli.com\/#website"},"datePublished":"2020-04-29T14:04:33+00:00","dateModified":"2025-12-23T13:50:57+00:00","breadcrumb":{"@id":"https:\/\/www.farmaciadepaoli.com\/en\/product\/breast-decolletage-boost\/#breadcrumb"},"inLanguage":"en-US","potentialAction":[{"@type":"ReadAction","target":["https:\/\/www.farmaciadepaoli.com\/en\/product\/breast-decolletage-boost\/"]}]},{"@type":"BreadcrumbList","@id":"https:\/\/www.farmaciadepaoli.com\/en\/product\/breast-decolletage-boost\/#breadcrumb","itemListElement":[{"@type":"ListItem","position":1,"name":"Home","item":"https:\/\/www.farmaciadepaoli.com\/en\/"},{"@type":"ListItem","position":2,"name":"Shop","item":"https:\/\/www.farmaciadepaoli.com\/en\/shop\/"},{"@type":"ListItem","position":3,"name":"Breast &#038; D\u00e9colletage Boost"}]},{"@type":"WebSite","@id":"https:\/\/www.farmaciadepaoli.com\/#website","url":"https:\/\/www.farmaciadepaoli.com\/","name":"Farmacia de Paoli","description":"De Paoli Pharmacy","potentialAction":[{"@type":"SearchAction","target":{"@type":"EntryPoint","urlTemplate":"https:\/\/www.farmaciadepaoli.com\/?s={search_term_string}"},"query-input":"required name=search_term_string"}],"inLanguage":"en-US"}]}},"_links":{"self":[{"href":"https:\/\/www.farmaciadepaoli.com\/en\/wp-json\/wp\/v2\/product\/9455"}],"collection":[{"href":"https:\/\/www.farmaciadepaoli.com\/en\/wp-json\/wp\/v2\/product"}],"about":[{"href":"https:\/\/www.farmaciadepaoli.com\/en\/wp-json\/wp\/v2\/types\/product"}],"wp:featuredmedia":[{"embeddable":true,"href":"https:\/\/www.farmaciadepaoli.com\/en\/wp-json\/wp\/v2\/media\/9568"}],"wp:attachment":[{"href":"https:\/\/www.farmaciadepaoli.com\/en\/wp-json\/wp\/v2\/media?parent=9455"}],"wp:term":[{"taxonomy":"product_cat","embeddable":true,"href":"https:\/\/www.farmaciadepaoli.com\/en\/wp-json\/wp\/v2\/product_cat?post=9455"},{"taxonomy":"product_tag","embeddable":true,"href":"https:\/\/www.farmaciadepaoli.com\/en\/wp-json\/wp\/v2\/product_tag?post=9455"}],"curies":[{"name":"wp","href":"https:\/\/api.w.org\/{rel}","templated":true}]}}