{"id":9448,"date":"2020-04-29T16:05:06","date_gmt":"2020-04-29T14:05:06","guid":{"rendered":"https:\/\/www.farmaciadepaoli.com\/product\/advanced\/"},"modified":"2020-06-05T11:11:36","modified_gmt":"2020-06-05T09:11:36","slug":"advanced","status":"publish","type":"product","link":"https:\/\/www.farmaciadepaoli.com\/en\/product\/advanced\/","title":{"rendered":"Advanced &#8211; In Depth Revitalizing Ageless Beauty 24-hour Serum"},"content":{"rendered":"<p><strong><em>In che cosa consiste:<\/em><\/strong><\/p>\n<p>siero concentrato rivitalizzante multifunzione dedicato al viso-collo e contorno occhi-labbra, per una bellezza senza et\u00e0.<\/p>\n<p>Una piccola quantit\u00e0 per donare bellezza, morbidezza e setosit\u00e0 alla pelle del tuo viso.<\/p>\n<p><strong><em>Il piacere di conoscerlo e di utilizzarlo:<\/em><\/strong><\/p>\n<p>indicato per tutti i tipi di pelle, \u00e8 un siero caratterizzato da prerogative uniche, corposo nella sua essenza, facilmente stendibile e rapidamente assorbito.<\/p>\n<p><strong><em>Quando \u00e8 indicato:<\/em><\/strong><\/p>\n<p>per prevenire e contrastare i segni dell\u2019invecchiamento cutaneo quando risultano moderati e meno severi, generalmente dai 25 ai 40 anni.<\/p>\n<p><strong><em>Quali benefici si ottengono:<\/em><\/strong><\/p>\n<p>il prodotto si caratterizza per una multicentrica azione rivitalizzante che si concretizza, in una marcata azione illuminante e ravvivante. Idrata e affina la texture cutanea rendendola levigata e liscia. Esplica una positiva azione spianante e levigante sulle rughe superficiali, contrastando la visibilit\u00e0 di quelle pi\u00f9 profonde.<\/p>\n<p><strong>Dopo il suo utilizzo la pelle risulta morbida e vellutata.<\/strong><\/p>\n","protected":false},"excerpt":{"rendered":"<p>In che cosa consiste: siero concentrato rivitalizzante multifunzione dedicato al viso-collo e contorno occhi-labbra, per una bellezza senza et\u00e0. Una piccola quantit\u00e0 per donare bellezza, morbidezza e setosit\u00e0 alla pelle del tuo viso. Il piacere di conoscerlo e di utilizzarlo: indicato per tutti i tipi di pelle, \u00e8 un siero caratterizzato da prerogative uniche, corposo &hellip;<\/p>\n","protected":false},"featured_media":9432,"template":"","meta":{"_mi_skip_tracking":false,"_monsterinsights_sitenote_active":false,"_monsterinsights_sitenote_note":"","_monsterinsights_sitenote_category":0},"product_cat":[291,320],"product_tag":[],"acf":[],"yoast_head":"<!-- This site is optimized with the Yoast SEO plugin v21.6 - https:\/\/yoast.com\/wordpress\/plugins\/seo\/ -->\n<title>Advanced - In Depth Revitalizing Ageless Beauty 24-hour Serum - Farmacia de Paoli<\/title>\n<meta name=\"robots\" content=\"index, follow, max-snippet:-1, max-image-preview:large, max-video-preview:-1\" \/>\n<link rel=\"canonical\" href=\"https:\/\/www.farmaciadepaoli.com\/en\/product\/advanced\/\" \/>\n<meta property=\"og:locale\" content=\"en_US\" \/>\n<meta property=\"og:type\" content=\"article\" \/>\n<meta property=\"og:title\" content=\"Advanced - In Depth Revitalizing Ageless Beauty 24-hour Serum - Farmacia de Paoli\" \/>\n<meta property=\"og:description\" content=\"In che cosa consiste: siero concentrato rivitalizzante multifunzione dedicato al viso-collo e contorno occhi-labbra, per una bellezza senza et\u00e0. Una piccola quantit\u00e0 per donare bellezza, morbidezza e setosit\u00e0 alla pelle del tuo viso. Il piacere di conoscerlo e di utilizzarlo: indicato per tutti i tipi di pelle, \u00e8 un siero caratterizzato da prerogative uniche, corposo &hellip;\" \/>\n<meta property=\"og:url\" content=\"https:\/\/www.farmaciadepaoli.com\/en\/product\/advanced\/\" \/>\n<meta property=\"og:site_name\" content=\"Farmacia de Paoli\" \/>\n<meta property=\"article:modified_time\" content=\"2020-06-05T09:11:36+00:00\" \/>\n<meta property=\"og:image\" content=\"https:\/\/www.farmaciadepaoli.com\/wp-content\/uploads\/2020\/04\/advanced-2.png\" \/>\n\t<meta property=\"og:image:width\" content=\"1000\" \/>\n\t<meta property=\"og:image:height\" content=\"1000\" \/>\n\t<meta property=\"og:image:type\" content=\"image\/png\" \/>\n<meta name=\"twitter:card\" content=\"summary_large_image\" \/>\n<meta name=\"twitter:label1\" content=\"Est. reading time\" \/>\n\t<meta name=\"twitter:data1\" content=\"1 minute\" \/>\n<script type=\"application\/ld+json\" class=\"yoast-schema-graph\">{\"@context\":\"https:\/\/schema.org\",\"@graph\":[{\"@type\":\"WebPage\",\"@id\":\"https:\/\/www.farmaciadepaoli.com\/en\/product\/advanced\/\",\"url\":\"https:\/\/www.farmaciadepaoli.com\/en\/product\/advanced\/\",\"name\":\"Advanced - In Depth Revitalizing Ageless Beauty 24-hour Serum - Farmacia de Paoli\",\"isPartOf\":{\"@id\":\"https:\/\/www.farmaciadepaoli.com\/#website\"},\"datePublished\":\"2020-04-29T14:05:06+00:00\",\"dateModified\":\"2020-06-05T09:11:36+00:00\",\"breadcrumb\":{\"@id\":\"https:\/\/www.farmaciadepaoli.com\/en\/product\/advanced\/#breadcrumb\"},\"inLanguage\":\"en-US\",\"potentialAction\":[{\"@type\":\"ReadAction\",\"target\":[\"https:\/\/www.farmaciadepaoli.com\/en\/product\/advanced\/\"]}]},{\"@type\":\"BreadcrumbList\",\"@id\":\"https:\/\/www.farmaciadepaoli.com\/en\/product\/advanced\/#breadcrumb\",\"itemListElement\":[{\"@type\":\"ListItem\",\"position\":1,\"name\":\"Home\",\"item\":\"https:\/\/www.farmaciadepaoli.com\/en\/\"},{\"@type\":\"ListItem\",\"position\":2,\"name\":\"Shop\",\"item\":\"https:\/\/www.farmaciadepaoli.com\/en\/shop\/\"},{\"@type\":\"ListItem\",\"position\":3,\"name\":\"Advanced &#8211; In Depth Revitalizing Ageless Beauty 24-hour Serum\"}]},{\"@type\":\"WebSite\",\"@id\":\"https:\/\/www.farmaciadepaoli.com\/#website\",\"url\":\"https:\/\/www.farmaciadepaoli.com\/\",\"name\":\"Farmacia de Paoli\",\"description\":\"De Paoli Pharmacy\",\"potentialAction\":[{\"@type\":\"SearchAction\",\"target\":{\"@type\":\"EntryPoint\",\"urlTemplate\":\"https:\/\/www.farmaciadepaoli.com\/?s={search_term_string}\"},\"query-input\":\"required name=search_term_string\"}],\"inLanguage\":\"en-US\"}]}<\/script>\n<!-- \/ Yoast SEO plugin. -->","yoast_head_json":{"title":"Advanced - In Depth Revitalizing Ageless Beauty 24-hour Serum - Farmacia de Paoli","robots":{"index":"index","follow":"follow","max-snippet":"max-snippet:-1","max-image-preview":"max-image-preview:large","max-video-preview":"max-video-preview:-1"},"canonical":"https:\/\/www.farmaciadepaoli.com\/en\/product\/advanced\/","og_locale":"en_US","og_type":"article","og_title":"Advanced - In Depth Revitalizing Ageless Beauty 24-hour Serum - Farmacia de Paoli","og_description":"In che cosa consiste: siero concentrato rivitalizzante multifunzione dedicato al viso-collo e contorno occhi-labbra, per una bellezza senza et\u00e0. Una piccola quantit\u00e0 per donare bellezza, morbidezza e setosit\u00e0 alla pelle del tuo viso. Il piacere di conoscerlo e di utilizzarlo: indicato per tutti i tipi di pelle, \u00e8 un siero caratterizzato da prerogative uniche, corposo &hellip;","og_url":"https:\/\/www.farmaciadepaoli.com\/en\/product\/advanced\/","og_site_name":"Farmacia de Paoli","article_modified_time":"2020-06-05T09:11:36+00:00","og_image":[{"width":1000,"height":1000,"url":"https:\/\/www.farmaciadepaoli.com\/wp-content\/uploads\/2020\/04\/advanced-2.png","type":"image\/png"}],"twitter_card":"summary_large_image","twitter_misc":{"Est. reading time":"1 minute"},"schema":{"@context":"https:\/\/schema.org","@graph":[{"@type":"WebPage","@id":"https:\/\/www.farmaciadepaoli.com\/en\/product\/advanced\/","url":"https:\/\/www.farmaciadepaoli.com\/en\/product\/advanced\/","name":"Advanced - In Depth Revitalizing Ageless Beauty 24-hour Serum - Farmacia de Paoli","isPartOf":{"@id":"https:\/\/www.farmaciadepaoli.com\/#website"},"datePublished":"2020-04-29T14:05:06+00:00","dateModified":"2020-06-05T09:11:36+00:00","breadcrumb":{"@id":"https:\/\/www.farmaciadepaoli.com\/en\/product\/advanced\/#breadcrumb"},"inLanguage":"en-US","potentialAction":[{"@type":"ReadAction","target":["https:\/\/www.farmaciadepaoli.com\/en\/product\/advanced\/"]}]},{"@type":"BreadcrumbList","@id":"https:\/\/www.farmaciadepaoli.com\/en\/product\/advanced\/#breadcrumb","itemListElement":[{"@type":"ListItem","position":1,"name":"Home","item":"https:\/\/www.farmaciadepaoli.com\/en\/"},{"@type":"ListItem","position":2,"name":"Shop","item":"https:\/\/www.farmaciadepaoli.com\/en\/shop\/"},{"@type":"ListItem","position":3,"name":"Advanced &#8211; In Depth Revitalizing Ageless Beauty 24-hour Serum"}]},{"@type":"WebSite","@id":"https:\/\/www.farmaciadepaoli.com\/#website","url":"https:\/\/www.farmaciadepaoli.com\/","name":"Farmacia de Paoli","description":"De Paoli Pharmacy","potentialAction":[{"@type":"SearchAction","target":{"@type":"EntryPoint","urlTemplate":"https:\/\/www.farmaciadepaoli.com\/?s={search_term_string}"},"query-input":"required name=search_term_string"}],"inLanguage":"en-US"}]}},"_links":{"self":[{"href":"https:\/\/www.farmaciadepaoli.com\/en\/wp-json\/wp\/v2\/product\/9448"}],"collection":[{"href":"https:\/\/www.farmaciadepaoli.com\/en\/wp-json\/wp\/v2\/product"}],"about":[{"href":"https:\/\/www.farmaciadepaoli.com\/en\/wp-json\/wp\/v2\/types\/product"}],"wp:featuredmedia":[{"embeddable":true,"href":"https:\/\/www.farmaciadepaoli.com\/en\/wp-json\/wp\/v2\/media\/9432"}],"wp:attachment":[{"href":"https:\/\/www.farmaciadepaoli.com\/en\/wp-json\/wp\/v2\/media?parent=9448"}],"wp:term":[{"taxonomy":"product_cat","embeddable":true,"href":"https:\/\/www.farmaciadepaoli.com\/en\/wp-json\/wp\/v2\/product_cat?post=9448"},{"taxonomy":"product_tag","embeddable":true,"href":"https:\/\/www.farmaciadepaoli.com\/en\/wp-json\/wp\/v2\/product_tag?post=9448"}],"curies":[{"name":"wp","href":"https:\/\/api.w.org\/{rel}","templated":true}]}}