{"id":14078,"date":"2024-02-27T09:20:41","date_gmt":"2024-02-27T08:20:41","guid":{"rendered":"https:\/\/www.farmaciadepaoli.com\/?post_type=product&#038;p=14078"},"modified":"2026-04-24T16:13:13","modified_gmt":"2026-04-24T14:13:13","slug":"rosacure-mask","status":"publish","type":"product","link":"https:\/\/www.farmaciadepaoli.com\/en\/product\/rosacure-mask\/","title":{"rendered":"Rosacure Mask"},"content":{"rendered":"<p>ROSACURE\u00ae Mask - Leave-on Hidden Gel-Mask<br \/>\n\u00c8 una maschera a scomparsa che non necessita di essere rimossa. La sua formulazione innovativa \u00e8 caratterizzata da un marcato effetto lenitivo<br \/>\ned \u00e8 indicata per favorire un aumento della soglia di tollerabilit\u00e0 cutanea, riducendo l'intensit\u00e0 delle percezioni di disconforto, quali pizzicore e bruciore tipiche delle pelli sensibili e iper-reattive.<br \/>\nRappresenta il prodotto ideale per mantenere in buono stato le pelli caratterizzate da couperose; la sua specifica funzione permette di controllare la presenza e l\u2019intensit\u00e0 del rossore cutaneo diminuendo la visibilit\u00e0 dei piccoli vasi evidenziabili generalmente a livello zigomatico.<\/p>\n","protected":false},"excerpt":{"rendered":"<p>Leave-on Hidden Gel-Mask<\/p>\n","protected":false},"featured_media":14621,"template":"","meta":{"_mi_skip_tracking":false,"_monsterinsights_sitenote_active":false,"_monsterinsights_sitenote_note":"","_monsterinsights_sitenote_category":0},"product_cat":[117,284],"product_tag":[268,371],"acf":[],"yoast_head":"<!-- This site is optimized with the Yoast SEO plugin v21.6 - https:\/\/yoast.com\/wordpress\/plugins\/seo\/ -->\n<title>Rosacure Mask - Farmacia de Paoli<\/title>\n<meta name=\"robots\" content=\"index, follow, max-snippet:-1, max-image-preview:large, max-video-preview:-1\" \/>\n<link rel=\"canonical\" href=\"https:\/\/www.farmaciadepaoli.com\/prodotto\/rosacure-mask\/\" \/>\n<meta property=\"og:locale\" content=\"en_US\" \/>\n<meta property=\"og:type\" content=\"article\" \/>\n<meta property=\"og:title\" content=\"Rosacure Mask - Farmacia de Paoli\" \/>\n<meta property=\"og:description\" content=\"Leave-on Hidden Gel-Mask\" \/>\n<meta property=\"og:url\" content=\"https:\/\/www.farmaciadepaoli.com\/prodotto\/rosacure-mask\/\" \/>\n<meta property=\"og:site_name\" content=\"Farmacia de Paoli\" \/>\n<meta property=\"article:modified_time\" content=\"2026-04-24T14:13:13+00:00\" \/>\n<meta property=\"og:image\" content=\"https:\/\/www.farmaciadepaoli.com\/wp-content\/uploads\/2024\/02\/M17c.jpg\" \/>\n\t<meta property=\"og:image:width\" content=\"1400\" \/>\n\t<meta property=\"og:image:height\" content=\"1400\" \/>\n\t<meta property=\"og:image:type\" content=\"image\/jpeg\" \/>\n<meta name=\"twitter:card\" content=\"summary_large_image\" \/>\n<meta name=\"twitter:label1\" content=\"Est. reading time\" \/>\n\t<meta name=\"twitter:data1\" content=\"1 minute\" \/>\n<script type=\"application\/ld+json\" class=\"yoast-schema-graph\">{\"@context\":\"https:\/\/schema.org\",\"@graph\":[{\"@type\":\"WebPage\",\"@id\":\"https:\/\/www.farmaciadepaoli.com\/prodotto\/rosacure-mask\/\",\"url\":\"https:\/\/www.farmaciadepaoli.com\/prodotto\/rosacure-mask\/\",\"name\":\"Rosacure Mask - Farmacia de Paoli\",\"isPartOf\":{\"@id\":\"https:\/\/www.farmaciadepaoli.com\/#website\"},\"datePublished\":\"2024-02-27T08:20:41+00:00\",\"dateModified\":\"2026-04-24T14:13:13+00:00\",\"breadcrumb\":{\"@id\":\"https:\/\/www.farmaciadepaoli.com\/prodotto\/rosacure-mask\/#breadcrumb\"},\"inLanguage\":\"en-US\",\"potentialAction\":[{\"@type\":\"ReadAction\",\"target\":[\"https:\/\/www.farmaciadepaoli.com\/prodotto\/rosacure-mask\/\"]}]},{\"@type\":\"BreadcrumbList\",\"@id\":\"https:\/\/www.farmaciadepaoli.com\/prodotto\/rosacure-mask\/#breadcrumb\",\"itemListElement\":[{\"@type\":\"ListItem\",\"position\":1,\"name\":\"Home\",\"item\":\"https:\/\/www.farmaciadepaoli.com\/en\/\"},{\"@type\":\"ListItem\",\"position\":2,\"name\":\"Shop\",\"item\":\"https:\/\/www.farmaciadepaoli.com\/en\/shop\/\"},{\"@type\":\"ListItem\",\"position\":3,\"name\":\"Rosacure Mask\"}]},{\"@type\":\"WebSite\",\"@id\":\"https:\/\/www.farmaciadepaoli.com\/#website\",\"url\":\"https:\/\/www.farmaciadepaoli.com\/\",\"name\":\"Farmacia de Paoli\",\"description\":\"De Paoli Pharmacy\",\"potentialAction\":[{\"@type\":\"SearchAction\",\"target\":{\"@type\":\"EntryPoint\",\"urlTemplate\":\"https:\/\/www.farmaciadepaoli.com\/?s={search_term_string}\"},\"query-input\":\"required name=search_term_string\"}],\"inLanguage\":\"en-US\"}]}<\/script>\n<!-- \/ Yoast SEO plugin. -->","yoast_head_json":{"title":"Rosacure Mask - Farmacia de Paoli","robots":{"index":"index","follow":"follow","max-snippet":"max-snippet:-1","max-image-preview":"max-image-preview:large","max-video-preview":"max-video-preview:-1"},"canonical":"https:\/\/www.farmaciadepaoli.com\/prodotto\/rosacure-mask\/","og_locale":"en_US","og_type":"article","og_title":"Rosacure Mask - Farmacia de Paoli","og_description":"Leave-on Hidden Gel-Mask","og_url":"https:\/\/www.farmaciadepaoli.com\/prodotto\/rosacure-mask\/","og_site_name":"Farmacia de Paoli","article_modified_time":"2026-04-24T14:13:13+00:00","og_image":[{"width":1400,"height":1400,"url":"https:\/\/www.farmaciadepaoli.com\/wp-content\/uploads\/2024\/02\/M17c.jpg","type":"image\/jpeg"}],"twitter_card":"summary_large_image","twitter_misc":{"Est. reading time":"1 minute"},"schema":{"@context":"https:\/\/schema.org","@graph":[{"@type":"WebPage","@id":"https:\/\/www.farmaciadepaoli.com\/prodotto\/rosacure-mask\/","url":"https:\/\/www.farmaciadepaoli.com\/prodotto\/rosacure-mask\/","name":"Rosacure Mask - Farmacia de Paoli","isPartOf":{"@id":"https:\/\/www.farmaciadepaoli.com\/#website"},"datePublished":"2024-02-27T08:20:41+00:00","dateModified":"2026-04-24T14:13:13+00:00","breadcrumb":{"@id":"https:\/\/www.farmaciadepaoli.com\/prodotto\/rosacure-mask\/#breadcrumb"},"inLanguage":"en-US","potentialAction":[{"@type":"ReadAction","target":["https:\/\/www.farmaciadepaoli.com\/prodotto\/rosacure-mask\/"]}]},{"@type":"BreadcrumbList","@id":"https:\/\/www.farmaciadepaoli.com\/prodotto\/rosacure-mask\/#breadcrumb","itemListElement":[{"@type":"ListItem","position":1,"name":"Home","item":"https:\/\/www.farmaciadepaoli.com\/en\/"},{"@type":"ListItem","position":2,"name":"Shop","item":"https:\/\/www.farmaciadepaoli.com\/en\/shop\/"},{"@type":"ListItem","position":3,"name":"Rosacure Mask"}]},{"@type":"WebSite","@id":"https:\/\/www.farmaciadepaoli.com\/#website","url":"https:\/\/www.farmaciadepaoli.com\/","name":"Farmacia de Paoli","description":"De Paoli Pharmacy","potentialAction":[{"@type":"SearchAction","target":{"@type":"EntryPoint","urlTemplate":"https:\/\/www.farmaciadepaoli.com\/?s={search_term_string}"},"query-input":"required name=search_term_string"}],"inLanguage":"en-US"}]}},"_links":{"self":[{"href":"https:\/\/www.farmaciadepaoli.com\/en\/wp-json\/wp\/v2\/product\/14078"}],"collection":[{"href":"https:\/\/www.farmaciadepaoli.com\/en\/wp-json\/wp\/v2\/product"}],"about":[{"href":"https:\/\/www.farmaciadepaoli.com\/en\/wp-json\/wp\/v2\/types\/product"}],"wp:featuredmedia":[{"embeddable":true,"href":"https:\/\/www.farmaciadepaoli.com\/en\/wp-json\/wp\/v2\/media\/14621"}],"wp:attachment":[{"href":"https:\/\/www.farmaciadepaoli.com\/en\/wp-json\/wp\/v2\/media?parent=14078"}],"wp:term":[{"taxonomy":"product_cat","embeddable":true,"href":"https:\/\/www.farmaciadepaoli.com\/en\/wp-json\/wp\/v2\/product_cat?post=14078"},{"taxonomy":"product_tag","embeddable":true,"href":"https:\/\/www.farmaciadepaoli.com\/en\/wp-json\/wp\/v2\/product_tag?post=14078"}],"curies":[{"name":"wp","href":"https:\/\/api.w.org\/{rel}","templated":true}]}}